{"id":50,"date":"2024-11-20T04:14:50","date_gmt":"2024-11-20T03:14:50","guid":{"rendered":"https:\/\/www.aaautoplech.sk\/?page_id=50"},"modified":"2025-01-26T23:21:44","modified_gmt":"2025-01-26T22:21:44","slug":"contact","status":"publish","type":"page","link":"https:\/\/www.aaautoplech.sk\/?page_id=50","title":{"rendered":"Contact"},"content":{"rendered":"<p>[et_pb_section fb_built=&#8220;1&#8243; next_background_color=&#8220;#ffffff&#8220; admin_label=&#8220;Hero&#8220; _builder_version=&#8220;4.27.3&#8243; _module_preset=&#8220;_module_preset=&#8220; background_image=&#8220;https:\/\/www.aaautoplech.sk\/wp-content\/uploads\/2025\/01\/Pred-Po-2.jpg&#8220; background_enable_pattern_style=&#8220;on&#8220; background_pattern_style=&#8220;diagonal-stripes-2&#8243; background_pattern_color=&#8220;rgba(17,17,17,0.47)&#8220; custom_padding=&#8220;8vw||3vw||false|false&#8220; bottom_divider_style=&#8220;slant&#8220; bottom_divider_height=&#8220;10vw&#8220; bottom_divider_flip=&#8220;horizontal&#8220; locked=&#8220;off&#8220; collapsed=&#8220;on&#8220; global_colors_info=&#8220;{}&#8220;][et_pb_row column_structure=&#8220;1_2,1_2&#8243; _builder_version=&#8220;4.18.0&#8243; _module_preset=&#8220;5138c454-be54-4233-bd3b-f8e6a8747976&#8243; locked=&#8220;off&#8220; global_colors_info=&#8220;{}&#8220;][et_pb_column type=&#8220;1_2&#8243; _builder_version=&#8220;4.16&#8243; _module_preset=&#8220;73121f80-a3ef-4484-8763-c3f18e3c56d2&#8243; global_colors_info=&#8220;{}&#8220;][et_pb_heading title=&#8220;Kontaktujte n\u00e1s pre odborn\u00e9 opravy karos\u00e9ri\u00ed&#8220; _builder_version=&#8220;4.24.2&#8243; _module_preset=&#8220;f0c675ea-2574-4d0e-b725-30f8550a8550&#8243; title_text_color=&#8220;#FFFFFF&#8220; locked=&#8220;off&#8220; global_colors_info=&#8220;{}&#8220;][\/et_pb_heading][et_pb_heading title=&#8220;Spo\u013eahliv\u00e9 slu\u017eby pre va\u0161e vozidlo&#8220; _builder_version=&#8220;4.24.2&#8243; _module_preset=&#8220;ddeb8c09-9078-4424-bc15-2efb6572e28e&#8220; title_text_color=&#8220;#FFFFFF&#8220; locked=&#8220;off&#8220; global_colors_info=&#8220;{}&#8220;][\/et_pb_heading][et_pb_text _builder_version=&#8220;4.24.2&#8243; _module_preset=&#8220;0504de1e-f5ff-4281-ba60-cbbe4edf98bc&#8220; locked=&#8220;off&#8220; global_colors_info=&#8220;{}&#8220;]<\/p>\n<p><span>M\u00e1te ot\u00e1zky? Potrebujete opravi\u0165 karos\u00e9riu, nalakova\u0165 vozidlo alebo vyrie\u0161i\u0165 n\u00e1sledky nehody? <\/span><strong>AAAutoplech Sere\u010f<\/strong><span> je tu pre v\u00e1s! Spojte sa s nami a z\u00edskajte \u0161pi\u010dkov\u00e9 slu\u017eby, na ktor\u00e9 sa m\u00f4\u017eete spo\u013eahn\u00fa\u0165.<\/span><\/p>\n<p>[\/et_pb_text][\/et_pb_column][et_pb_column type=&#8220;1_2&#8243; _builder_version=&#8220;4.16&#8243; _module_preset=&#8220;73121f80-a3ef-4484-8763-c3f18e3c56d2&#8243; global_colors_info=&#8220;{}&#8220;][\/et_pb_column][\/et_pb_row][\/et_pb_section][et_pb_section fb_built=&#8220;1&#8243; admin_label=&#8220;Contact Info&#8220; _builder_version=&#8220;4.25.1&#8243; _module_preset=&#8220;default&#8220; collapsed=&#8220;on&#8220; global_colors_info=&#8220;{}&#8220;][et_pb_row column_structure=&#8220;1_3,1_3,1_3&#8243; make_equal=&#8220;on&#8220; _builder_version=&#8220;4.25.1&#8243; _module_preset=&#8220;default&#8220; global_colors_info=&#8220;{}&#8220;][et_pb_column type=&#8220;1_3&#8243; _builder_version=&#8220;4.25.1&#8243; _module_preset=&#8220;default&#8220; global_colors_info=&#8220;{}&#8220;][et_pb_blurb title=&#8220;Phone&#8220; module_class=&#8220;ai_ignore_all&#8220; _builder_version=&#8220;4.25.1&#8243; _module_preset=&#8220;203c76fc-aee0-4484-9be1-f0e2ebd81a8f&#8220; global_colors_info=&#8220;{}&#8220;]<\/p>\n<p>(255) 352-6258<\/p>\n<p>[\/et_pb_blurb][\/et_pb_column][et_pb_column type=&#8220;1_3&#8243; _builder_version=&#8220;4.25.1&#8243; _module_preset=&#8220;default&#8220; global_colors_info=&#8220;{}&#8220;][et_pb_blurb title=&#8220;Email&#8220; module_class=&#8220;ai_ignore_all&#8220; _builder_version=&#8220;4.27.3&#8243; _module_preset=&#8220;203c76fc-aee0-4484-9be1-f0e2ebd81a8f&#8220; locked=&#8220;off&#8220; global_colors_info=&#8220;{}&#8220;]<\/p>\n<p><a href=\"mailto:info@aaautoplech.sk\">aaautoplech@gmail.com<\/a><\/p>\n<p>[\/et_pb_blurb][\/et_pb_column][et_pb_column type=&#8220;1_3&#8243; _builder_version=&#8220;4.25.1&#8243; _module_preset=&#8220;default&#8220; global_colors_info=&#8220;{}&#8220;][et_pb_blurb title=&#8220;Address&#8220; module_class=&#8220;ai_ignore_all&#8220; _builder_version=&#8220;4.27.3&#8243; _module_preset=&#8220;212b201d-2c34-41bd-936c-851b7357d08b&#8220; locked=&#8220;off&#8220; global_colors_info=&#8220;{}&#8220;]<\/p>\n<p>Bratislavsk\u00e1 ulica 803\/11, Sere\u010f<\/p>\n<p>[\/et_pb_blurb][\/et_pb_column][\/et_pb_row][\/et_pb_section][et_pb_section fb_built=&#8220;1&#8243; admin_label=&#8220;Call to Action&#8220; _builder_version=&#8220;4.27.3&#8243; _module_preset=&#8220;default&#8220; use_background_color_gradient=&#8220;on&#8220; background_color_gradient_stops=&#8220;rgba(0,0,0,0.5) 0%|rgba(0,0,0,0.75) 100%&#8220; background_color_gradient_overlays_image=&#8220;on&#8220; background_color_gradient_start=&#8220;rgba(0,0,0,0.5)&#8220; background_color_gradient_end=&#8220;rgba(0,0,0,0.75)&#8220; parallax=&#8220;on&#8220; custom_padding=&#8220;8vw||8vw||true|false&#8220; hover_enabled=&#8220;0&#8243; locked=&#8220;off&#8220; collapsed=&#8220;on&#8220; global_colors_info=&#8220;{}&#8220; title_text=&#8220;Untitled design-4&#8243; background_image=&#8220;https:\/\/www.aaautoplech.sk\/wp-content\/uploads\/2024\/11\/Untitled-design-4.jpg&#8220; sticky_enabled=&#8220;0&#8243;][et_pb_row _builder_version=&#8220;4.23.1&#8243; _module_preset=&#8220;5138c454-be54-4233-bd3b-f8e6a8747976&#8243; max_width=&#8220;800px&#8220; global_colors_info=&#8220;{}&#8220;][et_pb_column type=&#8220;4_4&#8243; _builder_version=&#8220;4.16&#8243; _module_preset=&#8220;73121f80-a3ef-4484-8763-c3f18e3c56d2&#8243; global_colors_info=&#8220;{}&#8220;][et_pb_heading title=&#8220;Zavolajte n\u00e1m e\u0161te dnes!&#8220; _builder_version=&#8220;4.24.3&#8243; _module_preset=&#8220;c33f07d9-41e0-421a-8799-5799df695cce&#8220; title_text_align=&#8220;center&#8220; title_text_color=&#8220;#FFFFFF&#8220; locked=&#8220;off&#8220; global_colors_info=&#8220;{}&#8220;][\/et_pb_heading][et_pb_text _builder_version=&#8220;4.24.3&#8243; _module_preset=&#8220;0504de1e-f5ff-4281-ba60-cbbe4edf98bc&#8220; text_orientation=&#8220;center&#8220;]<\/p>\n<p>M\u00e1te ot\u00e1zky alebo si chcete dohodn\u00fa\u0165 term\u00edn opravy? Na\u0161i odborn\u00edci s\u00fa pripraven\u00ed pom\u00f4c\u0165 v\u00e1m s ak\u00fdmko\u013evek probl\u00e9mom. Nev\u00e1hajte n\u00e1s kontaktova\u0165 a zistite, ako m\u00f4\u017eeme va\u0161e vozidlo vr\u00e1ti\u0165 do perfektn\u00e9ho stavu.<\/p>\n<p>[\/et_pb_text][et_pb_button button_text=&#8220;Kontaktujte n\u00e1s&#8220; button_alignment=&#8220;center&#8220; _builder_version=&#8220;4.24.3&#8243; _module_preset=&#8220;ab15fb74-61a3-43aa-96b3-41e09aeef654&#8243; locked=&#8220;off&#8220; global_colors_info=&#8220;{}&#8220;][\/et_pb_button][\/et_pb_column][\/et_pb_row][\/et_pb_section][et_pb_section fb_built=&#8220;1&#8243; admin_label=&#8220;Frequently Asked Questions&#8220; _builder_version=&#8220;4.23.1&#8243; _module_preset=&#8220;default&#8220; collapsed=&#8220;on&#8220; global_colors_info=&#8220;{}&#8220;][et_pb_row _builder_version=&#8220;4.21.0&#8243; _module_preset=&#8220;5138c454-be54-4233-bd3b-f8e6a8747976&#8243; max_width=&#8220;800px&#8220; global_colors_info=&#8220;{}&#8220;][et_pb_column type=&#8220;4_4&#8243; _builder_version=&#8220;4.16&#8243; _module_preset=&#8220;73121f80-a3ef-4484-8763-c3f18e3c56d2&#8243; global_colors_info=&#8220;{}&#8220;][et_pb_heading title=&#8220;Ako m\u00f4\u017eem kontaktova\u0165 Aaautoplech?&#8220; _builder_version=&#8220;4.24.2&#8243; _module_preset=&#8220;c33f07d9-41e0-421a-8799-5799df695cce&#8220; title_text_align=&#8220;center&#8220; global_colors_info=&#8220;{}&#8220;][\/et_pb_heading][et_pb_text _builder_version=&#8220;4.27.3&#8243; _module_preset=&#8220;2c55a9c4-feed-423b-9edb-ae0b5b365cac&#8220; text_orientation=&#8220;center&#8220; text_font_size_tablet=&#8220;&#8220; text_font_size_phone=&#8220;&#8220; text_font_size_last_edited=&#8220;on|desktop&#8220; locked=&#8220;off&#8220; global_colors_info=&#8220;{}&#8220;]<\/p>\n<p>Na\u0161a autoklampiare\u0148 je dostupn\u00e1 telefonicky na \u010d\u00edsle +421 123 456 789 alebo emailom na aaautoplech@gmail.com. Radi v\u00e1m pom\u00f4\u017eeme s ak\u00fdmiko\u013evek ot\u00e1zkami alebo objedn\u00e1vkami.<\/p>\n<p>[\/et_pb_text][et_pb_accordion open_toggle_text_color=&#8220;gcid-secondary-color&#8220; icon_color=&#8220;gcid-secondary-color&#8220; _builder_version=&#8220;4.24.2&#8243; _module_preset=&#8220;73efbc9d-37bf-4f75-b3d8-498640ef079f&#8220; locked=&#8220;off&#8220; global_colors_info=&#8220;{%22gcid-36fd78a7-34bc-404d-873c-dafa34efaae5%22:%91%22quote_icon_color%22%93,%22gcid-3e0ae39b-d026-4173-b444-0c785917aeff%22:%91%22body_text_color%22%93,%22gcid-828accbb-1ed2-407d-95be-20ab4e191566%22:%91%22border_color_all%22%93,%22gcid-secondary-color%22:%91%22icon_color%22,%22open_toggle_text_color%22%93}&#8220;][et_pb_accordion_item title=&#8220;Kde sa nach\u00e1dza va\u0161a diel\u0148a?&#8220; _builder_version=&#8220;4.21.0&#8243; _module_preset=&#8220;550abe5c-b505-4d6b-adc7-570bd7cc1217&#8243; global_colors_info=&#8220;{}&#8220; open=&#8220;on&#8220;]<\/p>\n<p>Na\u0161a diel\u0148a sa nach\u00e1dza na adrese Hlavn\u00e1 123, 821 01 Bratislava. Nav\u0161t\u00edvte n\u00e1s po\u010das na\u0161ich otv\u00e1rac\u00edch hod\u00edn, aby sme v\u00e1m mohli poskytn\u00fa\u0165 osobn\u00fa konzult\u00e1ciu.<\/p>\n<p>[\/et_pb_accordion_item][et_pb_accordion_item title=&#8220;Ak\u00e9 slu\u017eby poskytujete?&#8220; _builder_version=&#8220;4.21.0&#8243; _module_preset=&#8220;550abe5c-b505-4d6b-adc7-570bd7cc1217&#8243; global_colors_info=&#8220;{}&#8220; open=&#8220;off&#8220;]<\/p>\n<p>\u0160pecializujeme sa na opravy karos\u00e9ri\u00ed, lakovanie, v\u00fdmenu skiel a antikor\u00f3znu ochranu. Na\u0161i odborn\u00edci s\u00fa pripraven\u00ed rie\u0161i\u0165 aj komplexn\u00e9 opravy po hav\u00e1ri\u00e1ch.<\/p>\n<p>[\/et_pb_accordion_item][et_pb_accordion_item title=&#8220;Ako dlho trv\u00e1 oprava vozidla?&#8220; _builder_version=&#8220;4.21.0&#8243; _module_preset=&#8220;550abe5c-b505-4d6b-adc7-570bd7cc1217&#8243; global_colors_info=&#8220;{}&#8220; open=&#8220;off&#8220;]<\/p>\n<p>D\u013a\u017eka opravy z\u00e1vis\u00ed od rozsahu po\u0161kodenia. Zvy\u010dajne sa pohybuje od nieko\u013ek\u00fdch dn\u00ed po t\u00fd\u017ede\u0148. Presn\u00fd \u010dasov\u00fd r\u00e1mec v\u00e1m poskytneme po diagnostike vozidla.<\/p>\n<p>[\/et_pb_accordion_item][et_pb_accordion_item title=&#8220;Pon\u00fakate n\u00e1hradn\u00e9 vozidlo po\u010das opravy?&#8220; open=&#8220;off&#8220; _builder_version=&#8220;4.21.0&#8243; _module_preset=&#8220;550abe5c-b505-4d6b-adc7-570bd7cc1217&#8243; global_colors_info=&#8220;{}&#8220;]<\/p>\n<p>\u00c1no, po\u010das opravy v\u00e1\u0161ho vozidla v\u00e1m m\u00f4\u017eeme zabezpe\u010di\u0165 n\u00e1hradn\u00e9 vozidlo, aby ste mohli pokra\u010dova\u0165 vo svojich ka\u017edodenn\u00fdch aktivit\u00e1ch bez obmedzen\u00ed.<\/p>\n<p>[\/et_pb_accordion_item][et_pb_accordion_item title=&#8220;Ak\u00e9 s\u00fa va\u0161e otv\u00e1racie hodiny?&#8220; _builder_version=&#8220;4.21.0&#8243; _module_preset=&#8220;550abe5c-b505-4d6b-adc7-570bd7cc1217&#8243; global_colors_info=&#8220;{}&#8220; open=&#8220;off&#8220;]<\/p>\n<p>Sme otvoren\u00ed od pondelka do piatku, od 8:00 do 17:00. V pr\u00edpade potreby n\u00e1s m\u00f4\u017eete kontaktova\u0165 aj mimo t\u00fdchto hod\u00edn po predch\u00e1dzaj\u00facej dohode.<\/p>\n<p>[\/et_pb_accordion_item][et_pb_accordion_item title=&#8220;Ako m\u00f4\u017eem dohodn\u00fa\u0165 term\u00edn opravy?&#8220; _builder_version=&#8220;4.21.0&#8243; _module_preset=&#8220;550abe5c-b505-4d6b-adc7-570bd7cc1217&#8243; global_colors_info=&#8220;{}&#8220; open=&#8220;off&#8220;]<\/p>\n<p>Term\u00edn opravy si m\u00f4\u017eete dohodn\u00fa\u0165 telefonicky alebo emailom. Radi sa prisp\u00f4sob\u00edme va\u0161im \u010dasov\u00fdm mo\u017enostiam a zabezpe\u010d\u00edme, aby va\u0161e vozidlo bolo opraven\u00e9 \u010do najsk\u00f4r.<\/p>\n<p>[\/et_pb_accordion_item][\/et_pb_accordion][\/et_pb_column][\/et_pb_row][\/et_pb_section][et_pb_section fb_built=&#8220;1&#8243; admin_label=&#8220;Social Media&#8220; _builder_version=&#8220;4.18.0&#8243; _module_preset=&#8220;default&#8220; collapsed=&#8220;on&#8220; global_colors_info=&#8220;{}&#8220;][et_pb_row _builder_version=&#8220;4.18.0&#8243; _module_preset=&#8220;5138c454-be54-4233-bd3b-f8e6a8747976&#8243; global_colors_info=&#8220;{}&#8220;][et_pb_column type=&#8220;4_4&#8243; _builder_version=&#8220;4.18.0&#8243; _module_preset=&#8220;73121f80-a3ef-4484-8763-c3f18e3c56d2&#8243; global_colors_info=&#8220;{}&#8220;][et_pb_heading title=&#8220;Sledujte n\u00e1s na soci\u00e1lnych sie\u0165ach&#8220; _builder_version=&#8220;4.24.3&#8243; _module_preset=&#8220;c33f07d9-41e0-421a-8799-5799df695cce&#8220; locked=&#8220;off&#8220; global_colors_info=&#8220;{}&#8220;][\/et_pb_heading][\/et_pb_column][\/et_pb_row][et_pb_row column_structure=&#8220;1_4,1_4,1_4,1_4&#8243; _builder_version=&#8220;4.18.0&#8243; _module_preset=&#8220;5138c454-be54-4233-bd3b-f8e6a8747976&#8243; global_colors_info=&#8220;{}&#8220;][et_pb_column type=&#8220;1_4&#8243; _builder_version=&#8220;4.18.0&#8243; _module_preset=&#8220;73121f80-a3ef-4484-8763-c3f18e3c56d2&#8243; global_colors_info=&#8220;{}&#8220;][et_pb_blurb title=&#8220;Facebook&#8220; url=&#8220;https:\/\/www.facebook.com\/profile.php?id=61568671197231&#8243; use_icon=&#8220;on&#8220; font_icon=&#8220;&#xf39e;||fa||400&#8243; module_class=&#8220;ai_ignore_all&#8220; _builder_version=&#8220;4.27.3&#8243; _module_preset=&#8220;1ea53d41-9439-472c-8d8b-7bddb3bf9444&#8243; global_colors_info=&#8220;{}&#8220;][\/et_pb_blurb][\/et_pb_column][et_pb_column type=&#8220;1_4&#8243; _builder_version=&#8220;4.18.0&#8243; _module_preset=&#8220;73121f80-a3ef-4484-8763-c3f18e3c56d2&#8243; global_colors_info=&#8220;{}&#8220;][\/et_pb_column][et_pb_column type=&#8220;1_4&#8243; _builder_version=&#8220;4.18.0&#8243; _module_preset=&#8220;73121f80-a3ef-4484-8763-c3f18e3c56d2&#8243; global_colors_info=&#8220;{}&#8220;][et_pb_blurb title=&#8220;Instagram&#8220; use_icon=&#8220;on&#8220; font_icon=&#8220;&#xe09a;||divi||400&#8243; module_class=&#8220;ai_ignore_all&#8220; _builder_version=&#8220;4.27.3&#8243; _module_preset=&#8220;1ea53d41-9439-472c-8d8b-7bddb3bf9444&#8243; global_colors_info=&#8220;{}&#8220;][\/et_pb_blurb][\/et_pb_column][et_pb_column type=&#8220;1_4&#8243; _builder_version=&#8220;4.18.0&#8243; _module_preset=&#8220;73121f80-a3ef-4484-8763-c3f18e3c56d2&#8243; global_colors_info=&#8220;{}&#8220;][\/et_pb_column][\/et_pb_row][\/et_pb_section]<\/p>\n","protected":false},"excerpt":{"rendered":"<p>M\u00e1te ot\u00e1zky? Potrebujete opravi\u0165 karos\u00e9riu, nalakova\u0165 vozidlo alebo vyrie\u0161i\u0165 n\u00e1sledky nehody? AAAutoplech Sere\u010f je tu pre v\u00e1s! Spojte sa s nami a z\u00edskajte \u0161pi\u010dkov\u00e9 slu\u017eby, na ktor\u00e9 sa m\u00f4\u017eete spo\u013eahn\u00fa\u0165.(255) 352-6258aaautoplech@gmail.comBratislavsk\u00e1 ulica 803\/11, Sere\u010fM\u00e1te ot\u00e1zky alebo si chcete dohodn\u00fa\u0165 term\u00edn opravy? Na\u0161i odborn\u00edci s\u00fa pripraven\u00ed pom\u00f4c\u0165 v\u00e1m s ak\u00fdmko\u013evek probl\u00e9mom. Nev\u00e1hajte n\u00e1s kontaktova\u0165 a zistite, [&hellip;]<\/p>\n","protected":false},"author":1,"featured_media":0,"parent":0,"menu_order":0,"comment_status":"closed","ping_status":"closed","template":"","meta":{"_et_pb_use_builder":"on","_et_pb_old_content":"","_et_gb_content_width":"","_monsterinsights_skip_tracking":false,"_monsterinsights_sitenote_active":false,"_monsterinsights_sitenote_note":"","_monsterinsights_sitenote_category":0,"footnotes":""},"class_list":["post-50","page","type-page","status-publish","hentry"],"yoast_head":"<!-- This site is optimized with the Yoast SEO plugin v23.8 - https:\/\/yoast.com\/wordpress\/plugins\/seo\/ -->\n<title>Contact - Aaautoplech.sk<\/title>\n<meta name=\"robots\" content=\"index, follow, max-snippet:-1, max-image-preview:large, max-video-preview:-1\" \/>\n<link rel=\"canonical\" href=\"https:\/\/www.aaautoplech.sk\/?page_id=50\" \/>\n<meta property=\"og:locale\" content=\"sk_SK\" \/>\n<meta property=\"og:type\" content=\"article\" \/>\n<meta property=\"og:title\" content=\"Contact - Aaautoplech.sk\" \/>\n<meta property=\"og:description\" content=\"M\u00e1te ot\u00e1zky? Potrebujete opravi\u0165 karos\u00e9riu, nalakova\u0165 vozidlo alebo vyrie\u0161i\u0165 n\u00e1sledky nehody? AAAutoplech Sere\u010f je tu pre v\u00e1s! Spojte sa s nami a z\u00edskajte \u0161pi\u010dkov\u00e9 slu\u017eby, na ktor\u00e9 sa m\u00f4\u017eete spo\u013eahn\u00fa\u0165.(255) 352-6258aaautoplech@gmail.comBratislavsk\u00e1 ulica 803\/11, Sere\u010fM\u00e1te ot\u00e1zky alebo si chcete dohodn\u00fa\u0165 term\u00edn opravy? Na\u0161i odborn\u00edci s\u00fa pripraven\u00ed pom\u00f4c\u0165 v\u00e1m s ak\u00fdmko\u013evek probl\u00e9mom. Nev\u00e1hajte n\u00e1s kontaktova\u0165 a zistite, [&hellip;]\" \/>\n<meta property=\"og:url\" content=\"https:\/\/www.aaautoplech.sk\/?page_id=50\" \/>\n<meta property=\"og:site_name\" content=\"Aaautoplech.sk\" \/>\n<meta property=\"article:modified_time\" content=\"2025-01-26T22:21:44+00:00\" \/>\n<meta name=\"twitter:card\" content=\"summary_large_image\" \/>\n<meta name=\"twitter:label1\" content=\"Predpokladan\u00fd \u010das \u010d\u00edtania\" \/>\n\t<meta name=\"twitter:data1\" content=\"8 min\u00fat\" \/>\n<script type=\"application\/ld+json\" class=\"yoast-schema-graph\">{\"@context\":\"https:\/\/schema.org\",\"@graph\":[{\"@type\":\"WebPage\",\"@id\":\"https:\/\/www.aaautoplech.sk\/?page_id=50\",\"url\":\"https:\/\/www.aaautoplech.sk\/?page_id=50\",\"name\":\"Contact - Aaautoplech.sk\",\"isPartOf\":{\"@id\":\"https:\/\/www.aaautoplech.sk\/#website\"},\"datePublished\":\"2024-11-20T03:14:50+00:00\",\"dateModified\":\"2025-01-26T22:21:44+00:00\",\"breadcrumb\":{\"@id\":\"https:\/\/www.aaautoplech.sk\/?page_id=50#breadcrumb\"},\"inLanguage\":\"sk-SK\",\"potentialAction\":[{\"@type\":\"ReadAction\",\"target\":[\"https:\/\/www.aaautoplech.sk\/?page_id=50\"]}]},{\"@type\":\"BreadcrumbList\",\"@id\":\"https:\/\/www.aaautoplech.sk\/?page_id=50#breadcrumb\",\"itemListElement\":[{\"@type\":\"ListItem\",\"position\":1,\"name\":\"Home\",\"item\":\"https:\/\/www.aaautoplech.sk\/\"},{\"@type\":\"ListItem\",\"position\":2,\"name\":\"Contact\"}]},{\"@type\":\"WebSite\",\"@id\":\"https:\/\/www.aaautoplech.sk\/#website\",\"url\":\"https:\/\/www.aaautoplech.sk\/\",\"name\":\"Aaautoplech.sk\",\"description\":\"Opravy karos\u00e9ri\u00ed - kvalitne a za skvel\u00e9 ceny!\",\"publisher\":{\"@id\":\"https:\/\/www.aaautoplech.sk\/#organization\"},\"potentialAction\":[{\"@type\":\"SearchAction\",\"target\":{\"@type\":\"EntryPoint\",\"urlTemplate\":\"https:\/\/www.aaautoplech.sk\/?s={search_term_string}\"},\"query-input\":{\"@type\":\"PropertyValueSpecification\",\"valueRequired\":true,\"valueName\":\"search_term_string\"}}],\"inLanguage\":\"sk-SK\"},{\"@type\":\"Organization\",\"@id\":\"https:\/\/www.aaautoplech.sk\/#organization\",\"name\":\"Aaautoplech.sk\",\"url\":\"https:\/\/www.aaautoplech.sk\/\",\"logo\":{\"@type\":\"ImageObject\",\"inLanguage\":\"sk-SK\",\"@id\":\"https:\/\/www.aaautoplech.sk\/#\/schema\/logo\/image\/\",\"url\":\"https:\/\/www.aaautoplech.sk\/wp-content\/uploads\/2024\/11\/cropped-Untitled-design-3.png\",\"contentUrl\":\"https:\/\/www.aaautoplech.sk\/wp-content\/uploads\/2024\/11\/cropped-Untitled-design-3.png\",\"width\":512,\"height\":512,\"caption\":\"Aaautoplech.sk\"},\"image\":{\"@id\":\"https:\/\/www.aaautoplech.sk\/#\/schema\/logo\/image\/\"}}]}<\/script>\n<!-- \/ Yoast SEO plugin. -->","yoast_head_json":{"title":"Contact - Aaautoplech.sk","robots":{"index":"index","follow":"follow","max-snippet":"max-snippet:-1","max-image-preview":"max-image-preview:large","max-video-preview":"max-video-preview:-1"},"canonical":"https:\/\/www.aaautoplech.sk\/?page_id=50","og_locale":"sk_SK","og_type":"article","og_title":"Contact - Aaautoplech.sk","og_description":"M\u00e1te ot\u00e1zky? Potrebujete opravi\u0165 karos\u00e9riu, nalakova\u0165 vozidlo alebo vyrie\u0161i\u0165 n\u00e1sledky nehody? AAAutoplech Sere\u010f je tu pre v\u00e1s! Spojte sa s nami a z\u00edskajte \u0161pi\u010dkov\u00e9 slu\u017eby, na ktor\u00e9 sa m\u00f4\u017eete spo\u013eahn\u00fa\u0165.(255) 352-6258aaautoplech@gmail.comBratislavsk\u00e1 ulica 803\/11, Sere\u010fM\u00e1te ot\u00e1zky alebo si chcete dohodn\u00fa\u0165 term\u00edn opravy? Na\u0161i odborn\u00edci s\u00fa pripraven\u00ed pom\u00f4c\u0165 v\u00e1m s ak\u00fdmko\u013evek probl\u00e9mom. Nev\u00e1hajte n\u00e1s kontaktova\u0165 a zistite, [&hellip;]","og_url":"https:\/\/www.aaautoplech.sk\/?page_id=50","og_site_name":"Aaautoplech.sk","article_modified_time":"2025-01-26T22:21:44+00:00","twitter_card":"summary_large_image","twitter_misc":{"Predpokladan\u00fd \u010das \u010d\u00edtania":"8 min\u00fat"},"schema":{"@context":"https:\/\/schema.org","@graph":[{"@type":"WebPage","@id":"https:\/\/www.aaautoplech.sk\/?page_id=50","url":"https:\/\/www.aaautoplech.sk\/?page_id=50","name":"Contact - Aaautoplech.sk","isPartOf":{"@id":"https:\/\/www.aaautoplech.sk\/#website"},"datePublished":"2024-11-20T03:14:50+00:00","dateModified":"2025-01-26T22:21:44+00:00","breadcrumb":{"@id":"https:\/\/www.aaautoplech.sk\/?page_id=50#breadcrumb"},"inLanguage":"sk-SK","potentialAction":[{"@type":"ReadAction","target":["https:\/\/www.aaautoplech.sk\/?page_id=50"]}]},{"@type":"BreadcrumbList","@id":"https:\/\/www.aaautoplech.sk\/?page_id=50#breadcrumb","itemListElement":[{"@type":"ListItem","position":1,"name":"Home","item":"https:\/\/www.aaautoplech.sk\/"},{"@type":"ListItem","position":2,"name":"Contact"}]},{"@type":"WebSite","@id":"https:\/\/www.aaautoplech.sk\/#website","url":"https:\/\/www.aaautoplech.sk\/","name":"Aaautoplech.sk","description":"Opravy karos\u00e9ri\u00ed - kvalitne a za skvel\u00e9 ceny!","publisher":{"@id":"https:\/\/www.aaautoplech.sk\/#organization"},"potentialAction":[{"@type":"SearchAction","target":{"@type":"EntryPoint","urlTemplate":"https:\/\/www.aaautoplech.sk\/?s={search_term_string}"},"query-input":{"@type":"PropertyValueSpecification","valueRequired":true,"valueName":"search_term_string"}}],"inLanguage":"sk-SK"},{"@type":"Organization","@id":"https:\/\/www.aaautoplech.sk\/#organization","name":"Aaautoplech.sk","url":"https:\/\/www.aaautoplech.sk\/","logo":{"@type":"ImageObject","inLanguage":"sk-SK","@id":"https:\/\/www.aaautoplech.sk\/#\/schema\/logo\/image\/","url":"https:\/\/www.aaautoplech.sk\/wp-content\/uploads\/2024\/11\/cropped-Untitled-design-3.png","contentUrl":"https:\/\/www.aaautoplech.sk\/wp-content\/uploads\/2024\/11\/cropped-Untitled-design-3.png","width":512,"height":512,"caption":"Aaautoplech.sk"},"image":{"@id":"https:\/\/www.aaautoplech.sk\/#\/schema\/logo\/image\/"}}]}},"_links":{"self":[{"href":"https:\/\/www.aaautoplech.sk\/index.php?rest_route=\/wp\/v2\/pages\/50"}],"collection":[{"href":"https:\/\/www.aaautoplech.sk\/index.php?rest_route=\/wp\/v2\/pages"}],"about":[{"href":"https:\/\/www.aaautoplech.sk\/index.php?rest_route=\/wp\/v2\/types\/page"}],"author":[{"embeddable":true,"href":"https:\/\/www.aaautoplech.sk\/index.php?rest_route=\/wp\/v2\/users\/1"}],"replies":[{"embeddable":true,"href":"https:\/\/www.aaautoplech.sk\/index.php?rest_route=%2Fwp%2Fv2%2Fcomments&post=50"}],"version-history":[{"count":3,"href":"https:\/\/www.aaautoplech.sk\/index.php?rest_route=\/wp\/v2\/pages\/50\/revisions"}],"predecessor-version":[{"id":151,"href":"https:\/\/www.aaautoplech.sk\/index.php?rest_route=\/wp\/v2\/pages\/50\/revisions\/151"}],"wp:attachment":[{"href":"https:\/\/www.aaautoplech.sk\/index.php?rest_route=%2Fwp%2Fv2%2Fmedia&parent=50"}],"curies":[{"name":"wp","href":"https:\/\/api.w.org\/{rel}","templated":true}]}}